{"id":1465,"date":"2021-08-04T12:36:35","date_gmt":"2021-08-04T16:36:35","guid":{"rendered":"https:\/\/viatransfer.ca\/?page_id=1465"},"modified":"2022-10-04T10:54:22","modified_gmt":"2022-10-04T14:54:22","slug":"login","status":"publish","type":"page","link":"https:\/\/viatransfer.ca\/en\/my-account\/login\/","title":{"rendered":"Login"},"content":{"rendered":"<p>[vc_row][vc_column][vc_column_text]\n<div id=\"loginform-0\" class=\"frm_forms with_frm_style  frm_style_style-formidable frm_login_form\">\n\n\t\t<form method=\"post\" action=\"https:\/\/viatransfer.ca\/wp-login.php\" >\n\n\t\t\n\t\t\t\t<div class=\"frm_form_fields\">\n\t\t\t<fieldset>\n\t\t\t\t<div class=\"frm_fields_container\">\n\n\t\t\t\t<div class=\"frm_form_field form-field login-username frm_top_container\">\n\t\t\t\t\t<label for=\"user_login0\" class=\"frm_primary_label\">Username\t\t\t\t\t<\/label>\n\t\t\t\t\t<input id=\"user_login0\" name=\"log\" value=\"\" placeholder=\"\" type=\"text\">\n\t\t\t\t<\/div>\n\n\t\t\t\t<div class=\"frm_form_field form-field login-password frm_top_container\">\n\t\t\t\t\t<label for=\"user_pass0\" class=\"frm_primary_label\">Password\t\t\t\t\t<\/label>\n\t\t\t\t\t<input id=\"user_pass0\" name=\"pwd\" value=\"\" type=\"password\" placeholder=\"\" >\n\t\t\t\t<\/div>\n\n\t\t\t\t<input type=\"hidden\" name=\"redirect_to\" value=\"\/en\/wp-json\/wp\/v2\/pages\/1465\" \/>\n\n\t\t\t\t\n\t\t\t\t\t\t\t\t<div class=\"frm_form_field form-field frm_none_container login-remember\">\n\t\t\t\t\t<div class=\"frm_opt_container\">\n\t\t\t\t\t\t<div class=\"frm_checkbox\">\n\t\t\t\t\t\t\t<label for=\"rememberme0\">\n\t\t\t\t\t\t\t\t<input name=\"rememberme\" id=\"rememberme0\" value=\"forever\" type=\"checkbox\" \/>Remember Me\t\t\t\t\t\t\t<\/label>\n\t\t\t\t\t\t<\/div>\n\t\t\t\t\t<\/div>\n\t\t\t\t<\/div>\n\t\t\t\t\n\t\t\t\t\n\t\t\t\t\t\t<div class=\"frm_submit\">\n\t\t\t<input type=\"submit\" name=\"wp-submit\" id=\"wp-submit0\" value=\"Login\" \/>\n\t\t<\/div>\n\t\t<div style=\"clear:both;\"><\/div>\n\n\t\t\n\t\t\t\t\n\t\t\t\t<div style=\"clear:both;\"><\/div>\n\n\t\t\t\t<\/div><!-- End .frm_fields_container -->\n\t\t\t<\/fieldset>\n\t\t<\/div>\n\t<\/form>\n<\/div>\n[\/vc_column_text][\/vc_column][\/vc_row]<\/p>\n","protected":false},"excerpt":{"rendered":"<p>[vc_row][vc_column][vc_column_text][\/vc_column_text][\/vc_column][\/vc_row]<\/p>\n","protected":false},"author":1,"featured_media":0,"parent":1455,"menu_order":0,"comment_status":"closed","ping_status":"closed","template":"","meta":{"footnotes":""},"class_list":["post-1465","page","type-page","status-publish","hentry"],"yoast_head":"<!-- This site is optimized with the Yoast SEO plugin v24.4 - https:\/\/yoast.com\/wordpress\/plugins\/seo\/ -->\n<title>Login - Via Transfer<\/title>\n<meta name=\"robots\" content=\"index, follow, max-snippet:-1, max-image-preview:large, max-video-preview:-1\" \/>\n<link rel=\"canonical\" href=\"https:\/\/viatransfer.ca\/en\/my-account\/login\/\" \/>\n<meta property=\"og:locale\" content=\"en_US\" \/>\n<meta property=\"og:type\" content=\"article\" \/>\n<meta property=\"og:title\" content=\"Login - Via Transfer\" \/>\n<meta property=\"og:description\" content=\"[vc_row][vc_column][vc_column_text][\/vc_column_text][\/vc_column][\/vc_row]\" \/>\n<meta property=\"og:url\" content=\"https:\/\/viatransfer.ca\/en\/my-account\/login\/\" \/>\n<meta property=\"og:site_name\" content=\"Via Transfer\" \/>\n<meta property=\"article:modified_time\" content=\"2022-10-04T14:54:22+00:00\" \/>\n<meta name=\"twitter:card\" content=\"summary_large_image\" \/>\n<script type=\"application\/ld+json\" class=\"yoast-schema-graph\">{\"@context\":\"https:\/\/schema.org\",\"@graph\":[{\"@type\":\"WebPage\",\"@id\":\"https:\/\/viatransfer.ca\/en\/my-account\/login\/\",\"url\":\"https:\/\/viatransfer.ca\/en\/my-account\/login\/\",\"name\":\"Login - Via Transfer\",\"isPartOf\":{\"@id\":\"https:\/\/viatransfer.ca\/en\/#website\"},\"datePublished\":\"2021-08-04T16:36:35+00:00\",\"dateModified\":\"2022-10-04T14:54:22+00:00\",\"breadcrumb\":{\"@id\":\"https:\/\/viatransfer.ca\/en\/my-account\/login\/#breadcrumb\"},\"inLanguage\":\"en-US\",\"potentialAction\":[{\"@type\":\"ReadAction\",\"target\":[\"https:\/\/viatransfer.ca\/en\/my-account\/login\/\"]}]},{\"@type\":\"BreadcrumbList\",\"@id\":\"https:\/\/viatransfer.ca\/en\/my-account\/login\/#breadcrumb\",\"itemListElement\":[{\"@type\":\"ListItem\",\"position\":1,\"name\":\"Accueil\",\"item\":\"https:\/\/viatransfer.ca\/en\/\"},{\"@type\":\"ListItem\",\"position\":2,\"name\":\"My Account\",\"item\":\"https:\/\/viatransfer.ca\/en\/compte\/\"},{\"@type\":\"ListItem\",\"position\":3,\"name\":\"Login\"}]},{\"@type\":\"WebSite\",\"@id\":\"https:\/\/viatransfer.ca\/en\/#website\",\"url\":\"https:\/\/viatransfer.ca\/en\/\",\"name\":\"Via Transfer\",\"description\":\"Transf\u00e9rer vos fichiers de fa\u00e7on rapide et s\u00e9curitaire\",\"potentialAction\":[{\"@type\":\"SearchAction\",\"target\":{\"@type\":\"EntryPoint\",\"urlTemplate\":\"https:\/\/viatransfer.ca\/en\/?s={search_term_string}\"},\"query-input\":{\"@type\":\"PropertyValueSpecification\",\"valueRequired\":true,\"valueName\":\"search_term_string\"}}],\"inLanguage\":\"en-US\"}]}<\/script>\n<!-- \/ Yoast SEO plugin. -->","yoast_head_json":{"title":"Login - Via Transfer","robots":{"index":"index","follow":"follow","max-snippet":"max-snippet:-1","max-image-preview":"max-image-preview:large","max-video-preview":"max-video-preview:-1"},"canonical":"https:\/\/viatransfer.ca\/en\/my-account\/login\/","og_locale":"en_US","og_type":"article","og_title":"Login - Via Transfer","og_description":"[vc_row][vc_column][vc_column_text][\/vc_column_text][\/vc_column][\/vc_row]","og_url":"https:\/\/viatransfer.ca\/en\/my-account\/login\/","og_site_name":"Via Transfer","article_modified_time":"2022-10-04T14:54:22+00:00","twitter_card":"summary_large_image","schema":{"@context":"https:\/\/schema.org","@graph":[{"@type":"WebPage","@id":"https:\/\/viatransfer.ca\/en\/my-account\/login\/","url":"https:\/\/viatransfer.ca\/en\/my-account\/login\/","name":"Login - Via Transfer","isPartOf":{"@id":"https:\/\/viatransfer.ca\/en\/#website"},"datePublished":"2021-08-04T16:36:35+00:00","dateModified":"2022-10-04T14:54:22+00:00","breadcrumb":{"@id":"https:\/\/viatransfer.ca\/en\/my-account\/login\/#breadcrumb"},"inLanguage":"en-US","potentialAction":[{"@type":"ReadAction","target":["https:\/\/viatransfer.ca\/en\/my-account\/login\/"]}]},{"@type":"BreadcrumbList","@id":"https:\/\/viatransfer.ca\/en\/my-account\/login\/#breadcrumb","itemListElement":[{"@type":"ListItem","position":1,"name":"Accueil","item":"https:\/\/viatransfer.ca\/en\/"},{"@type":"ListItem","position":2,"name":"My Account","item":"https:\/\/viatransfer.ca\/en\/compte\/"},{"@type":"ListItem","position":3,"name":"Login"}]},{"@type":"WebSite","@id":"https:\/\/viatransfer.ca\/en\/#website","url":"https:\/\/viatransfer.ca\/en\/","name":"Via Transfer","description":"Transf\u00e9rer vos fichiers de fa\u00e7on rapide et s\u00e9curitaire","potentialAction":[{"@type":"SearchAction","target":{"@type":"EntryPoint","urlTemplate":"https:\/\/viatransfer.ca\/en\/?s={search_term_string}"},"query-input":{"@type":"PropertyValueSpecification","valueRequired":true,"valueName":"search_term_string"}}],"inLanguage":"en-US"}]}},"_links":{"self":[{"href":"https:\/\/viatransfer.ca\/en\/wp-json\/wp\/v2\/pages\/1465","targetHints":{"allow":["GET"]}}],"collection":[{"href":"https:\/\/viatransfer.ca\/en\/wp-json\/wp\/v2\/pages"}],"about":[{"href":"https:\/\/viatransfer.ca\/en\/wp-json\/wp\/v2\/types\/page"}],"author":[{"embeddable":true,"href":"https:\/\/viatransfer.ca\/en\/wp-json\/wp\/v2\/users\/1"}],"replies":[{"embeddable":true,"href":"https:\/\/viatransfer.ca\/en\/wp-json\/wp\/v2\/comments?post=1465"}],"version-history":[{"count":1,"href":"https:\/\/viatransfer.ca\/en\/wp-json\/wp\/v2\/pages\/1465\/revisions"}],"predecessor-version":[{"id":1466,"href":"https:\/\/viatransfer.ca\/en\/wp-json\/wp\/v2\/pages\/1465\/revisions\/1466"}],"up":[{"embeddable":true,"href":"https:\/\/viatransfer.ca\/en\/wp-json\/wp\/v2\/pages\/1455"}],"wp:attachment":[{"href":"https:\/\/viatransfer.ca\/en\/wp-json\/wp\/v2\/media?parent=1465"}],"curies":[{"name":"wp","href":"https:\/\/api.w.org\/{rel}","templated":true}]}}