{"id":1460,"date":"2020-07-02T14:24:05","date_gmt":"2020-07-02T18:24:05","guid":{"rendered":"https:\/\/viatransfer.ca\/?page_id=1460"},"modified":"2022-10-04T10:54:18","modified_gmt":"2022-10-04T14:54:18","slug":"create-an-account","status":"publish","type":"page","link":"https:\/\/viatransfer.ca\/en\/my-account\/create-an-account\/","title":{"rendered":"Create an Account"},"content":{"rendered":"<p>[vc_row][vc_column][vc_column_text]<div class=\"frm_forms  with_frm_style frm_style_style-formidable\" id=\"frm_form_13_container\" data-token=\"a4cbeb230f85e989c70b93c85ba89e71\">\n<form enctype=\"multipart\/form-data\" method=\"post\" class=\"frm-show-form  frm_js_validate  frm_ajax_submit  frm_pro_form \" id=\"form_inscription38933d4753\" data-token=\"a4cbeb230f85e989c70b93c85ba89e71\">\n<div class=\"frm_form_fields \">\n<fieldset>\n<legend class=\"frm_screen_reader\">Create an Account<\/legend>\r\n\r\n<div class=\"frm_fields_container\">\n<input type=\"hidden\" name=\"frm_action\" value=\"create\" \/>\n<input type=\"hidden\" name=\"form_id\" value=\"13\" \/>\n<input type=\"hidden\" name=\"frm_hide_fields_13\" id=\"frm_hide_fields_13\" value=\"\" \/>\n<input type=\"hidden\" name=\"form_key\" value=\"inscription38933d4753\" \/>\n<input type=\"hidden\" name=\"item_meta[0]\" value=\"\" \/>\n<input type=\"hidden\" id=\"frm_submit_entry_13\" name=\"frm_submit_entry_13\" value=\"cf576ab31c\" \/><input type=\"hidden\" name=\"_wp_http_referer\" value=\"\/en\/wp-json\/wp\/v2\/pages\/1460\" \/><input type=\"hidden\" name=\"item_meta[175]\" id=\"field_felatc6e69717e3\" value=\"\" data-frmval=\"\"\/>\n<input type=\"hidden\" name=\"item_meta[176]\" id=\"field_bxc55d17f2b1daa\" value=\"216.73.217.22\"  data-frmval=\"216.73.217.22\"   \/>\n<div id=\"frm_field_177_container\" class=\"frm_form_field form-field  frm_required_field frm_top_container\">\r\n    <label for=\"field_kiakh46e45f040e\" id=\"field_kiakh46e45f040e_label\" class=\"frm_primary_label\">First Name\r\n        <span class=\"frm_required\" aria-hidden=\"true\">*<\/span>\r\n    <\/label>\r\n    <input  type=\"text\" id=\"field_kiakh46e45f040e\" name=\"item_meta[177]\" value=\"\"  data-reqmsg=\"Ce champ ne peut pas \u00eatre vide\" aria-required=\"true\" data-invmsg=\"texte est non valide\" aria-invalid=\"false\"   \/>\r\n    \r\n    \r\n<\/div>\n<div id=\"frm_field_178_container\" class=\"frm_form_field form-field  frm_top_container\">\r\n    <label for=\"field_wq5m6232c335291\" id=\"field_wq5m6232c335291_label\" class=\"frm_primary_label\">Last Name\r\n        <span class=\"frm_required\" aria-hidden=\"true\"><\/span>\r\n    <\/label>\r\n    <input  type=\"text\" id=\"field_wq5m6232c335291\" name=\"item_meta[178]\" value=\"\"  data-invmsg=\"texte est non valide\" aria-invalid=\"false\"   \/>\r\n    \r\n    \r\n<\/div>\n<div id=\"frm_field_179_container\" class=\"frm_form_field form-field  frm_required_field frm_top_container\">\r\n    <label for=\"field_fax2cc3c82865eb\" id=\"field_fax2cc3c82865eb_label\" class=\"frm_primary_label\">Email\r\n        <span class=\"frm_required\">*<\/span>\r\n    <\/label>\r\n    <input type=\"email\" id=\"field_fax2cc3c82865eb\" name=\"item_meta[179]\" value=\"\"  data-reqmsg=\"Ce champ ne peut pas \u00eatre vide\" aria-required=\"true\" data-invmsg=\"Email is invalid\" aria-invalid=\"false\"  \/>\r\n    \r\n    \r\n<\/div>\n<div id=\"frm_field_180_container\" class=\"frm_form_field form-field  frm_required_field frm_top_container frm_first frm_half\">\r\n    <label for=\"field_ecwtjc2f6081206\" id=\"field_ecwtjc2f6081206_label\" class=\"frm_primary_label\">Password\r\n        <span class=\"frm_required\">*<\/span>\r\n    <\/label>\r\n    <input type=\"password\" id=\"field_ecwtjc2f6081206\" name=\"item_meta[180]\" value=\"\"  data-reqmsg=\"Ce champ ne peut pas \u00eatre vide\" aria-required=\"true\" data-invmsg=\"Password is invalid\" class=\"frm_strong_pass frm_strength_meter\" aria-invalid=\"false\"  \/><div id=\"frm_password_strength_180\" class=\"frm-password-strength\"><span id=\"frm-pass-eight-char-180\" class=\"frm-pass-req\"><svg  viewBox=\"0 0 20 20\" class=\"frmsvg frm_cancel1_icon failed_svg\">\n\t<title>cancel1<\/title>\n\t<path d=\"M10 0a10 10 0 1 0 0 20 10 10 0 0 0 0-20zm0 18a8 8 0 1 1 0-16 8 8 0 0 1 0 16zm3.6-13L10 8.6 6.4 5 5 6.4 8.6 10 5 13.6 6.4 15l3.6-3.6 3.6 3.6 1.4-1.4-3.6-3.6L15 6.4z\"><\/path>\n<\/svg><svg  viewBox=\"0 0 20 20\" class=\"frmsvg frm_check1_icon passed_svg\">\n\t<title>check1<\/title>\n\t<path d=\"M10 .3a9.7 9.7 0 1 0 0 19.4A9.7 9.7 0 0 0 10 .3zm0 1.9a7.8 7.8 0 1 1 0 15.6 7.8 7.8 0 0 1 0-15.6zm5.5 5l-.9-.8a.5.5 0 0 0-.7 0l-5.5 5.5-2.3-2.4a.5.5 0 0 0-.7 0l-.9.9c-.2.2-.2.5 0 .6l3.6 3.6c.2.2.4.2.6 0L15.5 8c.2-.1.2-.4 0-.6z\"><\/path>\n<\/svg>Eight characters minimum<\/span>\r\n<span id=\"frm-pass-lowercase-180\" class=\"frm-pass-req\"><svg  viewBox=\"0 0 20 20\" class=\"frmsvg frm_cancel1_icon failed_svg\">\n\t<title>cancel1<\/title>\n\t<path d=\"M10 0a10 10 0 1 0 0 20 10 10 0 0 0 0-20zm0 18a8 8 0 1 1 0-16 8 8 0 0 1 0 16zm3.6-13L10 8.6 6.4 5 5 6.4 8.6 10 5 13.6 6.4 15l3.6-3.6 3.6 3.6 1.4-1.4-3.6-3.6L15 6.4z\"><\/path>\n<\/svg><svg  viewBox=\"0 0 20 20\" class=\"frmsvg frm_check1_icon passed_svg\">\n\t<title>check1<\/title>\n\t<path d=\"M10 .3a9.7 9.7 0 1 0 0 19.4A9.7 9.7 0 0 0 10 .3zm0 1.9a7.8 7.8 0 1 1 0 15.6 7.8 7.8 0 0 1 0-15.6zm5.5 5l-.9-.8a.5.5 0 0 0-.7 0l-5.5 5.5-2.3-2.4a.5.5 0 0 0-.7 0l-.9.9c-.2.2-.2.5 0 .6l3.6 3.6c.2.2.4.2.6 0L15.5 8c.2-.1.2-.4 0-.6z\"><\/path>\n<\/svg>One lowercase letter<\/span>\r\n<span id=\"frm-pass-uppercase-180\" class=\"frm-pass-req\"><svg  viewBox=\"0 0 20 20\" class=\"frmsvg frm_cancel1_icon failed_svg\">\n\t<title>cancel1<\/title>\n\t<path d=\"M10 0a10 10 0 1 0 0 20 10 10 0 0 0 0-20zm0 18a8 8 0 1 1 0-16 8 8 0 0 1 0 16zm3.6-13L10 8.6 6.4 5 5 6.4 8.6 10 5 13.6 6.4 15l3.6-3.6 3.6 3.6 1.4-1.4-3.6-3.6L15 6.4z\"><\/path>\n<\/svg><svg  viewBox=\"0 0 20 20\" class=\"frmsvg frm_check1_icon passed_svg\">\n\t<title>check1<\/title>\n\t<path d=\"M10 .3a9.7 9.7 0 1 0 0 19.4A9.7 9.7 0 0 0 10 .3zm0 1.9a7.8 7.8 0 1 1 0 15.6 7.8 7.8 0 0 1 0-15.6zm5.5 5l-.9-.8a.5.5 0 0 0-.7 0l-5.5 5.5-2.3-2.4a.5.5 0 0 0-.7 0l-.9.9c-.2.2-.2.5 0 .6l3.6 3.6c.2.2.4.2.6 0L15.5 8c.2-.1.2-.4 0-.6z\"><\/path>\n<\/svg>One uppercase letter<\/span>\r\n<span id=\"frm-pass-number-180\" class=\"frm-pass-req\"><svg  viewBox=\"0 0 20 20\" class=\"frmsvg frm_cancel1_icon failed_svg\">\n\t<title>cancel1<\/title>\n\t<path d=\"M10 0a10 10 0 1 0 0 20 10 10 0 0 0 0-20zm0 18a8 8 0 1 1 0-16 8 8 0 0 1 0 16zm3.6-13L10 8.6 6.4 5 5 6.4 8.6 10 5 13.6 6.4 15l3.6-3.6 3.6 3.6 1.4-1.4-3.6-3.6L15 6.4z\"><\/path>\n<\/svg><svg  viewBox=\"0 0 20 20\" class=\"frmsvg frm_check1_icon passed_svg\">\n\t<title>check1<\/title>\n\t<path d=\"M10 .3a9.7 9.7 0 1 0 0 19.4A9.7 9.7 0 0 0 10 .3zm0 1.9a7.8 7.8 0 1 1 0 15.6 7.8 7.8 0 0 1 0-15.6zm5.5 5l-.9-.8a.5.5 0 0 0-.7 0l-5.5 5.5-2.3-2.4a.5.5 0 0 0-.7 0l-.9.9c-.2.2-.2.5 0 .6l3.6 3.6c.2.2.4.2.6 0L15.5 8c.2-.1.2-.4 0-.6z\"><\/path>\n<\/svg>One number<\/span>\r\n<span id=\"frm-pass-special-char-180\" class=\"frm-pass-req\"><svg  viewBox=\"0 0 20 20\" class=\"frmsvg frm_cancel1_icon failed_svg\">\n\t<title>cancel1<\/title>\n\t<path d=\"M10 0a10 10 0 1 0 0 20 10 10 0 0 0 0-20zm0 18a8 8 0 1 1 0-16 8 8 0 0 1 0 16zm3.6-13L10 8.6 6.4 5 5 6.4 8.6 10 5 13.6 6.4 15l3.6-3.6 3.6 3.6 1.4-1.4-3.6-3.6L15 6.4z\"><\/path>\n<\/svg><svg  viewBox=\"0 0 20 20\" class=\"frmsvg frm_check1_icon passed_svg\">\n\t<title>check1<\/title>\n\t<path d=\"M10 .3a9.7 9.7 0 1 0 0 19.4A9.7 9.7 0 0 0 10 .3zm0 1.9a7.8 7.8 0 1 1 0 15.6 7.8 7.8 0 0 1 0-15.6zm5.5 5l-.9-.8a.5.5 0 0 0-.7 0l-5.5 5.5-2.3-2.4a.5.5 0 0 0-.7 0l-.9.9c-.2.2-.2.5 0 .6l3.6 3.6c.2.2.4.2.6 0L15.5 8c.2-.1.2-.4 0-.6z\"><\/path>\n<\/svg>One special character<\/span>\r\n<\/div>\r\n    \r\n    \r\n<\/div>\n<div id=\"frm_field_conf_180_container\" class=\"frm_form_field frm_hidden_container frm_conf_field form-field  frm_required_field frm_top_container  frm6\">\r\n    <label for=\"field_conf_ecwtjc2f6081206\" id=\"field_conf_ecwtjc2f6081206_label\" class=\"frm_conf_label frm_primary_label\">Confirm Password\r\n        <span class=\"frm_required\">*<\/span>\r\n    <\/label>\r\n    <input type=\"password\" id=\"field_conf_ecwtjc2f6081206\" name=\"item_meta[conf_180]\" value=\"\"  data-reqmsg=\"Ce champ ne peut pas \u00eatre vide\" aria-required=\"true\" data-confmsg=\"The entered values do not match\" data-invmsg=\"Password is invalid\" class=\"frm_strong_pass frm_strength_meter\" aria-invalid=\"false\"  \/>\r\n    \r\n    \r\n<\/div>\n<div id=\"frm_field_181_container\" class=\"frm_form_field form-field  frm_none_container\">\r\n    <label for=\"g-recaptcha-response\" id=\"field_x8bvdac66e82253_label\" class=\"frm_primary_label\">reCAPTCHA\r\n        <span class=\"frm_required\"><\/span>\r\n    <\/label>\r\n    <div  id=\"field_x8bvdac66e82253\" class=\"frm-g-recaptcha\" data-sitekey=\"6LcaoqgZAAAAAATgqH5ZRgwyHSOZY-1kp2F7D5fY\" data-size=\"normal\" data-theme=\"light\"><\/div>\r\n    \r\n    \r\n<\/div>\n\t<input type=\"hidden\" name=\"item_key\" value=\"\" \/>\n\t\t\t\t<div class=\"frm__674b70e48f9ae\">\n\t\t\t\t<label for=\"frm_email_13\" >\n\t\t\t\t\tIf you are human, leave this field blank.\t\t\t\t<\/label>\n\t\t\t\t<input  id=\"frm_email_13\" type=\"email\" class=\"frm_verify\" name=\"frm__674b70e48f9ae\" value=\"\"  \/>\n\t\t\t<\/div>\n\t\t<input type=\"hidden\" name=\"frm_register[email]\" value=\"179\"\/>\n<input type=\"hidden\" name=\"frm_register[username]\" value=\"\"\/>\n<input type=\"hidden\" name=\"frm_register[password]\" value=\"180\"\/>\n<input type=\"hidden\" name=\"frm_register[subsite_title]\" value=\"username\"\/>\n<input type=\"hidden\" name=\"frm_register[subsite_domain]\" value=\"blog_title\"\/>\n<input name=\"frm_state\" type=\"hidden\" value=\"OaHY7VNJeHfcIrGWbnm+veHHR1DYRTEcjsl06dfMSkM=\" \/><div class=\"frm_submit\">\r\n\r\n<button class=\"frm_button_submit frm_final_submit\" type=\"submit\"   formnovalidate=\"formnovalidate\">Envoyer<\/button>\r\n\r\n<\/div><\/div>\n<\/fieldset>\n<\/div>\n\n<\/form>\n<\/div>\n[\/vc_column_text][\/vc_column][\/vc_row]<\/p>\n","protected":false},"excerpt":{"rendered":"<p>[vc_row][vc_column][vc_column_text][\/vc_column_text][\/vc_column][\/vc_row]<\/p>\n","protected":false},"author":1,"featured_media":0,"parent":1455,"menu_order":0,"comment_status":"closed","ping_status":"closed","template":"","meta":{"footnotes":""},"class_list":["post-1460","page","type-page","status-publish","hentry"],"yoast_head":"<!-- This site is optimized with the Yoast SEO plugin v24.4 - https:\/\/yoast.com\/wordpress\/plugins\/seo\/ -->\n<title>Create an Account - Via Transfer<\/title>\n<meta name=\"robots\" content=\"index, follow, max-snippet:-1, max-image-preview:large, max-video-preview:-1\" \/>\n<link rel=\"canonical\" href=\"https:\/\/viatransfer.ca\/en\/my-account\/create-an-account\/\" \/>\n<meta property=\"og:locale\" content=\"en_US\" \/>\n<meta property=\"og:type\" content=\"article\" \/>\n<meta property=\"og:title\" content=\"Create an Account - Via Transfer\" \/>\n<meta property=\"og:description\" content=\"[vc_row][vc_column][vc_column_text][\/vc_column_text][\/vc_column][\/vc_row]\" \/>\n<meta property=\"og:url\" content=\"https:\/\/viatransfer.ca\/en\/my-account\/create-an-account\/\" \/>\n<meta property=\"og:site_name\" content=\"Via Transfer\" \/>\n<meta property=\"article:modified_time\" content=\"2022-10-04T14:54:18+00:00\" \/>\n<meta name=\"twitter:card\" content=\"summary_large_image\" \/>\n<script type=\"application\/ld+json\" class=\"yoast-schema-graph\">{\"@context\":\"https:\/\/schema.org\",\"@graph\":[{\"@type\":\"WebPage\",\"@id\":\"https:\/\/viatransfer.ca\/en\/my-account\/create-an-account\/\",\"url\":\"https:\/\/viatransfer.ca\/en\/my-account\/create-an-account\/\",\"name\":\"Create an Account - Via Transfer\",\"isPartOf\":{\"@id\":\"https:\/\/viatransfer.ca\/en\/#website\"},\"datePublished\":\"2020-07-02T18:24:05+00:00\",\"dateModified\":\"2022-10-04T14:54:18+00:00\",\"breadcrumb\":{\"@id\":\"https:\/\/viatransfer.ca\/en\/my-account\/create-an-account\/#breadcrumb\"},\"inLanguage\":\"en-US\",\"potentialAction\":[{\"@type\":\"ReadAction\",\"target\":[\"https:\/\/viatransfer.ca\/en\/my-account\/create-an-account\/\"]}]},{\"@type\":\"BreadcrumbList\",\"@id\":\"https:\/\/viatransfer.ca\/en\/my-account\/create-an-account\/#breadcrumb\",\"itemListElement\":[{\"@type\":\"ListItem\",\"position\":1,\"name\":\"Accueil\",\"item\":\"https:\/\/viatransfer.ca\/en\/\"},{\"@type\":\"ListItem\",\"position\":2,\"name\":\"My Account\",\"item\":\"https:\/\/viatransfer.ca\/en\/compte\/\"},{\"@type\":\"ListItem\",\"position\":3,\"name\":\"Create an Account\"}]},{\"@type\":\"WebSite\",\"@id\":\"https:\/\/viatransfer.ca\/en\/#website\",\"url\":\"https:\/\/viatransfer.ca\/en\/\",\"name\":\"Via Transfer\",\"description\":\"Transf\u00e9rer vos fichiers de fa\u00e7on rapide et s\u00e9curitaire\",\"potentialAction\":[{\"@type\":\"SearchAction\",\"target\":{\"@type\":\"EntryPoint\",\"urlTemplate\":\"https:\/\/viatransfer.ca\/en\/?s={search_term_string}\"},\"query-input\":{\"@type\":\"PropertyValueSpecification\",\"valueRequired\":true,\"valueName\":\"search_term_string\"}}],\"inLanguage\":\"en-US\"}]}<\/script>\n<!-- \/ Yoast SEO plugin. -->","yoast_head_json":{"title":"Create an Account - Via Transfer","robots":{"index":"index","follow":"follow","max-snippet":"max-snippet:-1","max-image-preview":"max-image-preview:large","max-video-preview":"max-video-preview:-1"},"canonical":"https:\/\/viatransfer.ca\/en\/my-account\/create-an-account\/","og_locale":"en_US","og_type":"article","og_title":"Create an Account - Via Transfer","og_description":"[vc_row][vc_column][vc_column_text][\/vc_column_text][\/vc_column][\/vc_row]","og_url":"https:\/\/viatransfer.ca\/en\/my-account\/create-an-account\/","og_site_name":"Via Transfer","article_modified_time":"2022-10-04T14:54:18+00:00","twitter_card":"summary_large_image","schema":{"@context":"https:\/\/schema.org","@graph":[{"@type":"WebPage","@id":"https:\/\/viatransfer.ca\/en\/my-account\/create-an-account\/","url":"https:\/\/viatransfer.ca\/en\/my-account\/create-an-account\/","name":"Create an Account - Via Transfer","isPartOf":{"@id":"https:\/\/viatransfer.ca\/en\/#website"},"datePublished":"2020-07-02T18:24:05+00:00","dateModified":"2022-10-04T14:54:18+00:00","breadcrumb":{"@id":"https:\/\/viatransfer.ca\/en\/my-account\/create-an-account\/#breadcrumb"},"inLanguage":"en-US","potentialAction":[{"@type":"ReadAction","target":["https:\/\/viatransfer.ca\/en\/my-account\/create-an-account\/"]}]},{"@type":"BreadcrumbList","@id":"https:\/\/viatransfer.ca\/en\/my-account\/create-an-account\/#breadcrumb","itemListElement":[{"@type":"ListItem","position":1,"name":"Accueil","item":"https:\/\/viatransfer.ca\/en\/"},{"@type":"ListItem","position":2,"name":"My Account","item":"https:\/\/viatransfer.ca\/en\/compte\/"},{"@type":"ListItem","position":3,"name":"Create an Account"}]},{"@type":"WebSite","@id":"https:\/\/viatransfer.ca\/en\/#website","url":"https:\/\/viatransfer.ca\/en\/","name":"Via Transfer","description":"Transf\u00e9rer vos fichiers de fa\u00e7on rapide et s\u00e9curitaire","potentialAction":[{"@type":"SearchAction","target":{"@type":"EntryPoint","urlTemplate":"https:\/\/viatransfer.ca\/en\/?s={search_term_string}"},"query-input":{"@type":"PropertyValueSpecification","valueRequired":true,"valueName":"search_term_string"}}],"inLanguage":"en-US"}]}},"_links":{"self":[{"href":"https:\/\/viatransfer.ca\/en\/wp-json\/wp\/v2\/pages\/1460","targetHints":{"allow":["GET"]}}],"collection":[{"href":"https:\/\/viatransfer.ca\/en\/wp-json\/wp\/v2\/pages"}],"about":[{"href":"https:\/\/viatransfer.ca\/en\/wp-json\/wp\/v2\/types\/page"}],"author":[{"embeddable":true,"href":"https:\/\/viatransfer.ca\/en\/wp-json\/wp\/v2\/users\/1"}],"replies":[{"embeddable":true,"href":"https:\/\/viatransfer.ca\/en\/wp-json\/wp\/v2\/comments?post=1460"}],"version-history":[{"count":1,"href":"https:\/\/viatransfer.ca\/en\/wp-json\/wp\/v2\/pages\/1460\/revisions"}],"predecessor-version":[{"id":1464,"href":"https:\/\/viatransfer.ca\/en\/wp-json\/wp\/v2\/pages\/1460\/revisions\/1464"}],"up":[{"embeddable":true,"href":"https:\/\/viatransfer.ca\/en\/wp-json\/wp\/v2\/pages\/1455"}],"wp:attachment":[{"href":"https:\/\/viatransfer.ca\/en\/wp-json\/wp\/v2\/media?parent=1460"}],"curies":[{"name":"wp","href":"https:\/\/api.w.org\/{rel}","templated":true}]}}