{"id":1458,"date":"2020-07-02T14:09:39","date_gmt":"2020-07-02T18:09:39","guid":{"rendered":"https:\/\/viatransfer.ca\/?page_id=1458"},"modified":"2022-10-04T10:54:13","modified_gmt":"2022-10-04T14:54:13","slug":"change-update-password","status":"publish","type":"page","link":"https:\/\/viatransfer.ca\/en\/my-account\/change-update-password\/","title":{"rendered":"Change\/Update my Password"},"content":{"rendered":"<p>[vc_row][vc_column][vc_column_text]\n<div id=\"frm-reset-password-0\" class=\"frm_forms with_frm_style  frm_style_style-formidable\">\n\n\t<form id=\"lostpasswordform_0\" action=\"https:\/\/viatransfer.ca\/wp-login.php?action=lostpassword\" method=\"post\" class=\"frm-show-form\">\n\n\t\t\n\t\t<div class=\"frm_form_fields\">\n\t\t\t<fieldset>\n\n\t\t\t\t<div class=\"frm_description\">\n\t\t\t\t\t<p>Veuillez saisir votre identifiant ou adresse mail. Vous recevrez un lien pour cr\u00e9er un nouveau mot de passe par e-mail.<\/p>\n\t\t\t\t<\/div>\n\n\t\t\t\t<div class=\"frm_form_field form-field  frm_top_container\">\n\t\t\t\t\t<label for=\"user_login_0\" class=\"frm_primary_label\">Username or Email Address\t\t\t\t\t\t<span class=\"frm_required\">*<\/span>\n\t\t\t\t\t<\/label>\n\t\t\t\t\t<input type=\"text\" id=\"user_login_0\" name=\"user_login\">\n\t\t\t\t<\/div>\n\n\t\t\t\t\n\t\t\t\t<div class=\"frm_submit\">\n\t\t\t\t\t<input value=\"Get New Password\" type=\"submit\">\n\t\t\t\t<\/div>\n\n\t\t\t<\/fieldset>\n\t\t<\/div>\n\t<\/form>\n<\/div>\n[\/vc_column_text][\/vc_column][\/vc_row]<\/p>\n","protected":false},"excerpt":{"rendered":"<p>[vc_row][vc_column][vc_column_text][\/vc_column_text][\/vc_column][\/vc_row]<\/p>\n","protected":false},"author":1,"featured_media":0,"parent":1455,"menu_order":0,"comment_status":"closed","ping_status":"closed","template":"","meta":{"footnotes":""},"class_list":["post-1458","page","type-page","status-publish","hentry"],"yoast_head":"<!-- This site is optimized with the Yoast SEO plugin v24.4 - https:\/\/yoast.com\/wordpress\/plugins\/seo\/ -->\n<title>Change\/Update my Password - Via Transfer<\/title>\n<meta name=\"robots\" content=\"index, follow, max-snippet:-1, max-image-preview:large, max-video-preview:-1\" \/>\n<link rel=\"canonical\" href=\"https:\/\/viatransfer.ca\/en\/my-account\/change-update-password\/\" \/>\n<meta property=\"og:locale\" content=\"en_US\" \/>\n<meta property=\"og:type\" content=\"article\" \/>\n<meta property=\"og:title\" content=\"Change\/Update my Password - Via Transfer\" \/>\n<meta property=\"og:description\" content=\"[vc_row][vc_column][vc_column_text][\/vc_column_text][\/vc_column][\/vc_row]\" \/>\n<meta property=\"og:url\" content=\"https:\/\/viatransfer.ca\/en\/my-account\/change-update-password\/\" \/>\n<meta property=\"og:site_name\" content=\"Via Transfer\" \/>\n<meta property=\"article:modified_time\" content=\"2022-10-04T14:54:13+00:00\" \/>\n<meta name=\"twitter:card\" content=\"summary_large_image\" \/>\n<script type=\"application\/ld+json\" class=\"yoast-schema-graph\">{\"@context\":\"https:\/\/schema.org\",\"@graph\":[{\"@type\":\"WebPage\",\"@id\":\"https:\/\/viatransfer.ca\/en\/my-account\/change-update-password\/\",\"url\":\"https:\/\/viatransfer.ca\/en\/my-account\/change-update-password\/\",\"name\":\"Change\/Update my Password - Via Transfer\",\"isPartOf\":{\"@id\":\"https:\/\/viatransfer.ca\/en\/#website\"},\"datePublished\":\"2020-07-02T18:09:39+00:00\",\"dateModified\":\"2022-10-04T14:54:13+00:00\",\"breadcrumb\":{\"@id\":\"https:\/\/viatransfer.ca\/en\/my-account\/change-update-password\/#breadcrumb\"},\"inLanguage\":\"en-US\",\"potentialAction\":[{\"@type\":\"ReadAction\",\"target\":[\"https:\/\/viatransfer.ca\/en\/my-account\/change-update-password\/\"]}]},{\"@type\":\"BreadcrumbList\",\"@id\":\"https:\/\/viatransfer.ca\/en\/my-account\/change-update-password\/#breadcrumb\",\"itemListElement\":[{\"@type\":\"ListItem\",\"position\":1,\"name\":\"Accueil\",\"item\":\"https:\/\/viatransfer.ca\/en\/\"},{\"@type\":\"ListItem\",\"position\":2,\"name\":\"My Account\",\"item\":\"https:\/\/viatransfer.ca\/en\/compte\/\"},{\"@type\":\"ListItem\",\"position\":3,\"name\":\"Change\/Update my Password\"}]},{\"@type\":\"WebSite\",\"@id\":\"https:\/\/viatransfer.ca\/en\/#website\",\"url\":\"https:\/\/viatransfer.ca\/en\/\",\"name\":\"Via Transfer\",\"description\":\"Transf\u00e9rer vos fichiers de fa\u00e7on rapide et s\u00e9curitaire\",\"potentialAction\":[{\"@type\":\"SearchAction\",\"target\":{\"@type\":\"EntryPoint\",\"urlTemplate\":\"https:\/\/viatransfer.ca\/en\/?s={search_term_string}\"},\"query-input\":{\"@type\":\"PropertyValueSpecification\",\"valueRequired\":true,\"valueName\":\"search_term_string\"}}],\"inLanguage\":\"en-US\"}]}<\/script>\n<!-- \/ Yoast SEO plugin. -->","yoast_head_json":{"title":"Change\/Update my Password - Via Transfer","robots":{"index":"index","follow":"follow","max-snippet":"max-snippet:-1","max-image-preview":"max-image-preview:large","max-video-preview":"max-video-preview:-1"},"canonical":"https:\/\/viatransfer.ca\/en\/my-account\/change-update-password\/","og_locale":"en_US","og_type":"article","og_title":"Change\/Update my Password - Via Transfer","og_description":"[vc_row][vc_column][vc_column_text][\/vc_column_text][\/vc_column][\/vc_row]","og_url":"https:\/\/viatransfer.ca\/en\/my-account\/change-update-password\/","og_site_name":"Via Transfer","article_modified_time":"2022-10-04T14:54:13+00:00","twitter_card":"summary_large_image","schema":{"@context":"https:\/\/schema.org","@graph":[{"@type":"WebPage","@id":"https:\/\/viatransfer.ca\/en\/my-account\/change-update-password\/","url":"https:\/\/viatransfer.ca\/en\/my-account\/change-update-password\/","name":"Change\/Update my Password - Via Transfer","isPartOf":{"@id":"https:\/\/viatransfer.ca\/en\/#website"},"datePublished":"2020-07-02T18:09:39+00:00","dateModified":"2022-10-04T14:54:13+00:00","breadcrumb":{"@id":"https:\/\/viatransfer.ca\/en\/my-account\/change-update-password\/#breadcrumb"},"inLanguage":"en-US","potentialAction":[{"@type":"ReadAction","target":["https:\/\/viatransfer.ca\/en\/my-account\/change-update-password\/"]}]},{"@type":"BreadcrumbList","@id":"https:\/\/viatransfer.ca\/en\/my-account\/change-update-password\/#breadcrumb","itemListElement":[{"@type":"ListItem","position":1,"name":"Accueil","item":"https:\/\/viatransfer.ca\/en\/"},{"@type":"ListItem","position":2,"name":"My Account","item":"https:\/\/viatransfer.ca\/en\/compte\/"},{"@type":"ListItem","position":3,"name":"Change\/Update my Password"}]},{"@type":"WebSite","@id":"https:\/\/viatransfer.ca\/en\/#website","url":"https:\/\/viatransfer.ca\/en\/","name":"Via Transfer","description":"Transf\u00e9rer vos fichiers de fa\u00e7on rapide et s\u00e9curitaire","potentialAction":[{"@type":"SearchAction","target":{"@type":"EntryPoint","urlTemplate":"https:\/\/viatransfer.ca\/en\/?s={search_term_string}"},"query-input":{"@type":"PropertyValueSpecification","valueRequired":true,"valueName":"search_term_string"}}],"inLanguage":"en-US"}]}},"_links":{"self":[{"href":"https:\/\/viatransfer.ca\/en\/wp-json\/wp\/v2\/pages\/1458","targetHints":{"allow":["GET"]}}],"collection":[{"href":"https:\/\/viatransfer.ca\/en\/wp-json\/wp\/v2\/pages"}],"about":[{"href":"https:\/\/viatransfer.ca\/en\/wp-json\/wp\/v2\/types\/page"}],"author":[{"embeddable":true,"href":"https:\/\/viatransfer.ca\/en\/wp-json\/wp\/v2\/users\/1"}],"replies":[{"embeddable":true,"href":"https:\/\/viatransfer.ca\/en\/wp-json\/wp\/v2\/comments?post=1458"}],"version-history":[{"count":1,"href":"https:\/\/viatransfer.ca\/en\/wp-json\/wp\/v2\/pages\/1458\/revisions"}],"predecessor-version":[{"id":1459,"href":"https:\/\/viatransfer.ca\/en\/wp-json\/wp\/v2\/pages\/1458\/revisions\/1459"}],"up":[{"embeddable":true,"href":"https:\/\/viatransfer.ca\/en\/wp-json\/wp\/v2\/pages\/1455"}],"wp:attachment":[{"href":"https:\/\/viatransfer.ca\/en\/wp-json\/wp\/v2\/media?parent=1458"}],"curies":[{"name":"wp","href":"https:\/\/api.w.org\/{rel}","templated":true}]}}