{"id":1444,"date":"2021-08-22T11:36:30","date_gmt":"2021-08-22T15:36:30","guid":{"rendered":"https:\/\/viatransfer.ca\/?page_id=1444"},"modified":"2022-10-04T10:54:04","modified_gmt":"2022-10-04T14:54:04","slug":"image-transfers","status":"publish","type":"page","link":"https:\/\/viatransfer.ca\/en\/image-transfers\/","title":{"rendered":"Image Transfers"},"content":{"rendered":"","protected":true},"excerpt":{"rendered":"","protected":true},"author":1,"featured_media":0,"parent":0,"menu_order":0,"comment_status":"closed","ping_status":"closed","template":"","meta":{"footnotes":""},"class_list":["post-1444","page","type-page","status-publish","post-password-required","hentry"],"yoast_head":"<!-- This site is optimized with the Yoast SEO plugin v24.4 - https:\/\/yoast.com\/wordpress\/plugins\/seo\/ -->\n<title>Image Transfers - Via Transfer<\/title>\n<meta name=\"robots\" content=\"index, follow, max-snippet:-1, max-image-preview:large, max-video-preview:-1\" \/>\n<link rel=\"canonical\" href=\"https:\/\/viatransfer.ca\/en\/image-transfers\/\" \/>\n<meta property=\"og:locale\" content=\"en_US\" \/>\n<meta property=\"og:type\" content=\"article\" \/>\n<meta property=\"og:title\" content=\"Image Transfers - Via Transfer\" \/>\n<meta property=\"og:description\" content=\"There is no excerpt because this is a protected post.\" \/>\n<meta property=\"og:url\" content=\"https:\/\/viatransfer.ca\/en\/image-transfers\/\" \/>\n<meta property=\"og:site_name\" content=\"Via Transfer\" \/>\n<meta property=\"article:modified_time\" content=\"2022-10-04T14:54:04+00:00\" \/>\n<meta name=\"twitter:card\" content=\"summary_large_image\" \/>\n<meta name=\"twitter:label1\" content=\"Est. reading time\" \/>\n\t<meta name=\"twitter:data1\" content=\"1 minute\" \/>\n<script type=\"application\/ld+json\" class=\"yoast-schema-graph\">{\"@context\":\"https:\/\/schema.org\",\"@graph\":[{\"@type\":\"WebPage\",\"@id\":\"https:\/\/viatransfer.ca\/en\/image-transfers\/\",\"url\":\"https:\/\/viatransfer.ca\/en\/image-transfers\/\",\"name\":\"Image Transfers - Via Transfer\",\"isPartOf\":{\"@id\":\"https:\/\/viatransfer.ca\/en\/#website\"},\"datePublished\":\"2021-08-22T15:36:30+00:00\",\"dateModified\":\"2022-10-04T14:54:04+00:00\",\"breadcrumb\":{\"@id\":\"https:\/\/viatransfer.ca\/en\/image-transfers\/#breadcrumb\"},\"inLanguage\":\"en-US\"},{\"@type\":\"WebSite\",\"@id\":\"https:\/\/viatransfer.ca\/en\/#website\",\"url\":\"https:\/\/viatransfer.ca\/en\/\",\"name\":\"Via Transfer\",\"description\":\"Transf\u00e9rer vos fichiers de fa\u00e7on rapide et s\u00e9curitaire\",\"potentialAction\":[{\"@type\":\"SearchAction\",\"target\":{\"@type\":\"EntryPoint\",\"urlTemplate\":\"https:\/\/viatransfer.ca\/en\/?s={search_term_string}\"},\"query-input\":{\"@type\":\"PropertyValueSpecification\",\"valueRequired\":true,\"valueName\":\"search_term_string\"}}],\"inLanguage\":\"en-US\"}]}<\/script>\n<!-- \/ Yoast SEO plugin. -->","yoast_head_json":{"title":"Image Transfers - Via Transfer","robots":{"index":"index","follow":"follow","max-snippet":"max-snippet:-1","max-image-preview":"max-image-preview:large","max-video-preview":"max-video-preview:-1"},"canonical":"https:\/\/viatransfer.ca\/en\/image-transfers\/","og_locale":"en_US","og_type":"article","og_title":"Image Transfers - Via Transfer","og_description":"There is no excerpt because this is a protected post.","og_url":"https:\/\/viatransfer.ca\/en\/image-transfers\/","og_site_name":"Via Transfer","article_modified_time":"2022-10-04T14:54:04+00:00","twitter_card":"summary_large_image","twitter_misc":{"Est. reading time":"1 minute"},"schema":{"@context":"https:\/\/schema.org","@graph":[{"@type":"WebPage","@id":"https:\/\/viatransfer.ca\/en\/image-transfers\/","url":"https:\/\/viatransfer.ca\/en\/image-transfers\/","name":"Image Transfers - Via Transfer","isPartOf":{"@id":"https:\/\/viatransfer.ca\/en\/#website"},"datePublished":"2021-08-22T15:36:30+00:00","dateModified":"2022-10-04T14:54:04+00:00","breadcrumb":{"@id":"https:\/\/viatransfer.ca\/en\/image-transfers\/#breadcrumb"},"inLanguage":"en-US"},{"@type":"WebSite","@id":"https:\/\/viatransfer.ca\/en\/#website","url":"https:\/\/viatransfer.ca\/en\/","name":"Via Transfer","description":"Transf\u00e9rer vos fichiers de fa\u00e7on rapide et s\u00e9curitaire","potentialAction":[{"@type":"SearchAction","target":{"@type":"EntryPoint","urlTemplate":"https:\/\/viatransfer.ca\/en\/?s={search_term_string}"},"query-input":{"@type":"PropertyValueSpecification","valueRequired":true,"valueName":"search_term_string"}}],"inLanguage":"en-US"}]}},"_links":{"self":[{"href":"https:\/\/viatransfer.ca\/en\/wp-json\/wp\/v2\/pages\/1444","targetHints":{"allow":["GET"]}}],"collection":[{"href":"https:\/\/viatransfer.ca\/en\/wp-json\/wp\/v2\/pages"}],"about":[{"href":"https:\/\/viatransfer.ca\/en\/wp-json\/wp\/v2\/types\/page"}],"author":[{"embeddable":true,"href":"https:\/\/viatransfer.ca\/en\/wp-json\/wp\/v2\/users\/1"}],"replies":[{"embeddable":true,"href":"https:\/\/viatransfer.ca\/en\/wp-json\/wp\/v2\/comments?post=1444"}],"version-history":[{"count":1,"href":"https:\/\/viatransfer.ca\/en\/wp-json\/wp\/v2\/pages\/1444\/revisions"}],"predecessor-version":[{"id":1446,"href":"https:\/\/viatransfer.ca\/en\/wp-json\/wp\/v2\/pages\/1444\/revisions\/1446"}],"wp:attachment":[{"href":"https:\/\/viatransfer.ca\/en\/wp-json\/wp\/v2\/media?parent=1444"}],"curies":[{"name":"wp","href":"https:\/\/api.w.org\/{rel}","templated":true}]}}