{"id":1394,"date":"2019-12-04T17:06:19","date_gmt":"2019-12-04T22:06:19","guid":{"rendered":"https:\/\/viatransfer.ca\/?page_id=1394"},"modified":"2022-10-31T10:08:07","modified_gmt":"2022-10-31T14:08:07","slug":"online-file-transfer","status":"publish","type":"page","link":"https:\/\/viatransfer.ca\/en\/","title":{"rendered":"Online File Transfer"},"content":{"rendered":"<p>[vc_row css=&#8221;.vc_custom_1593166921692{margin-top: 0px !important;margin-bottom: 0px !important;padding-top: 0px !important;padding-right: 1% !important;padding-bottom: 0px !important;padding-left: 1% !important;}&#8221;][vc_column css_animation=&#8221;bounceInUp&#8221; css=&#8221;.vc_custom_1593167007579{padding-top: 0px !important;padding-bottom: 0px !important;}&#8221;][vc_custom_heading text=&#8221;SEND YOUR FILES&#8221; use_theme_fonts=&#8221;yes&#8221;][vc_column_text]<strong>Via Transfer<\/strong> is a <strong>free<\/strong> .zip file transfer service allowing you to send fles to your family, friends, customers, colleagues, etc&#8230;<\/p>\n<p>Transfer your files quickly and safely.<br \/>\n<strong>Currently allowed transfers:<\/strong> <a href=\"\/augmentation-du-telechargement\/\">500 MB<\/a>[\/vc_column_text][vc_column_text]<div class=\"frm_forms  with_frm_style frm_style_divi\" id=\"frm_form_15_container\" data-token=\"c77bab6c18baeb52779f1bb0b00697b0\">\n<form enctype=\"multipart\/form-data\" method=\"post\" class=\"frm-show-form  frm_js_validate  frm_ajax_submit  frm_pro_form \" id=\"form_viatransfer2\" data-token=\"c77bab6c18baeb52779f1bb0b00697b0\">\n<div class=\"frm_form_fields \">\n<fieldset>\n<legend class=\"frm_screen_reader\">Transfer a ZIP File<\/legend>\r\n\r\n<div class=\"frm_fields_container\">\n<input type=\"hidden\" name=\"frm_action\" value=\"create\" \/>\n<input type=\"hidden\" name=\"form_id\" value=\"15\" \/>\n<input type=\"hidden\" name=\"frm_hide_fields_15\" id=\"frm_hide_fields_15\" value=\"\" \/>\n<input type=\"hidden\" name=\"form_key\" value=\"viatransfer2\" \/>\n<input type=\"hidden\" name=\"item_meta[0]\" value=\"\" \/>\n<input type=\"hidden\" id=\"frm_submit_entry_15\" name=\"frm_submit_entry_15\" value=\"6fa3850a29\" \/><input type=\"hidden\" name=\"_wp_http_referer\" value=\"\/en\/wp-json\/wp\/v2\/pages\/1394\" \/><input type=\"hidden\" name=\"item_meta[190]\" id=\"field_xzc4q2\" value=\"\" data-frmval=\"\"\/>\n<input type=\"hidden\" name=\"item_meta[191]\" id=\"field_xyeb32\" value=\"216.73.217.103\"  data-frmval=\"216.73.217.103\"   \/>\n<input type=\"hidden\" name=\"item_meta[192]\" id=\"field_3223t2\" value=\"1377842199\n\"  data-frmval=\"1377842199\n\"   \/>\n<input type=\"hidden\" name=\"item_meta[193]\" id=\"field_jy1142\" value=\"29\/04\/2026\"  data-frmval=\"29\/04\/2026\"   \/>\n<input type=\"hidden\" name=\"item_meta[194]\" id=\"field_adnf62\" value=\"19:16:55\"  data-frmval=\"19:16:55\"   \/>\n<div id=\"frm_field_195_container\" class=\"frm_form_field form-field  frm_required_field frm_top_container\">\r\n    <div  id=\"field_u2xyp2_label\" class=\"frm_primary_label\">Upload your file\r\n        <span class=\"frm_required\"><\/span>\r\n    <\/div>\r\n    <input type=\"hidden\"  data-reqmsg=\"Ce champ ne peut pas \u00eatre vide\" data-invmsg=\"T\u00e9l\u00e9versement de fichier est non valide\" aria-invalid=\"false\"   name=\"item_meta[195][]\"  data-reqmsg=\"Ce champ ne peut pas \u00eatre vide\"  value=\"\" data-frmfile=\"195\" \/>\n\n<div class=\"frm_dropzone frm_single_upload frm_clearfix\" id=\"file195_dropzone\" role=\"group\"  aria-describedby=\"frm_desc_field_u2xyp2\">\n\t<div class=\"fallback\">\n\t\t<input type=\"file\" name=\"file195[]\" id=\"field_u2xyp2\"\n\t\t\t data-frmfile=\"195\" multiple=\"multiple\"  data-reqmsg=\"Ce champ ne peut pas \u00eatre vide\" data-invmsg=\"T\u00e9l\u00e9versement de fichier est non valide\" aria-invalid=\"false\"  \t\t\t\/>\n\t\t\t\t<div class=\"frm_clearfix \"><\/div>\n\t<\/div>\n\t<div class=\"dz-message needsclick\">\n\t\t\t\t<svg  viewBox=\"0 0 18 18\" class=\"frmsvg frm-svg-icon\">\n\t<path viewBox=\"0 0 18 18\" fill-rule=\"evenodd\" clip-rule=\"evenodd\" d=\"M8.2 4v8a.8.8 0 001.5 0V4l2.1 2.2A.7.7 0 1013 5L9.5 1.7a.7.7 0 00-1.1 0L5.1 5.2a.8.8 0 001 1l2.1-2zm7.6 4.3c.4 0 .7.3.7.7v6.8c0 .4-.3.7-.8.7H2.3a.8.8 0 01-.8-.8V9A.8.8 0 013 9v6h12V9c0-.4.3-.8.8-.8z\"><\/path>\n<\/svg>\t\t<span class=\"frm_upload_text\"><button type=\"button\" aria-label=\"Upload your file. Drag &amp; Drop your file here to upload it. Maximum file size: 516MB\">Drag &amp; Drop your file here to upload it<\/button><\/span>\n\t\t<span class=\"frm_compact_text\"><button type=\"button\" aria-label=\"Upload your file. Select a file. Maximum file size: 516MB\">Select a file<\/button><\/span>\n\t\t<div class=\"frm_small_text\">\n\t\t\t<p>Maximum file size: 516MB<\/p>\n\t\t<\/div>\n\t<\/div>\n<\/div>\n\t\r\n    <div class=\"frm_description\" id=\"frm_desc_field_u2xyp2\">ZIP file<\/div>\r\n    \r\n<\/div>\n<div id=\"frm_field_196_container\" class=\"frm_form_field form-field  frm_required_field frm_inside_container\">\r\n    <label for=\"field_yb6xn2\" id=\"field_yb6xn2_label\" class=\"frm_primary_label\">Email of Sender\r\n        <span class=\"frm_required\"><\/span>\r\n    <\/label>\r\n    <input type=\"email\" id=\"field_yb6xn2\" name=\"item_meta[196]\" value=\"\"  data-reqmsg=\"Ce champ ne peut pas \u00eatre vide\" aria-required=\"true\" data-invmsg=\"E-mail est non valide\" aria-invalid=\"false\"  \/>\r\n    \r\n    \r\n<\/div>\n<div id=\"frm_field_197_container\" class=\"frm_form_field form-field  frm_required_field frm_inside_container\">\r\n    <label for=\"field_qxk812\" id=\"field_qxk812_label\" class=\"frm_primary_label\">Email of the Recipient\r\n        <span class=\"frm_required\"><\/span>\r\n    <\/label>\r\n    <input type=\"email\" id=\"field_qxk812\" name=\"item_meta[197]\" value=\"\"  data-reqmsg=\"Ce champ doit \u00eatre rempli.\" aria-required=\"true\" data-invmsg=\"Le courriel n&#039;est non valide.\" aria-invalid=\"false\"  \/>\r\n    \r\n    \r\n<\/div>\n<div id=\"frm_field_198_container\" class=\"frm_form_field form-field  frm_inside_container\">\r\n    <label for=\"field_5quzt2\" id=\"field_5quzt2_label\" class=\"frm_primary_label\">Message\r\n        <span class=\"frm_required\"><\/span>\r\n    <\/label>\r\n    <textarea name=\"item_meta[198]\" id=\"field_5quzt2\" rows=\"5\"  data-invmsg=\"Message is invalid\" aria-invalid=\"false\"  ><\/textarea>\r\n    \r\n    \r\n<\/div>\n<div id=\"frm_field_200_container\" class=\"frm_form_field form-field  frm_none_container\">\r\n    <label for=\"g-recaptcha-response\" id=\"field_5ukwu2_label\" class=\"frm_primary_label\">reCAPTCHA\r\n        <span class=\"frm_required\"><\/span>\r\n    <\/label>\r\n    <div  id=\"field_5ukwu2\" class=\"frm-g-recaptcha\" data-sitekey=\"6LcaoqgZAAAAAATgqH5ZRgwyHSOZY-1kp2F7D5fY\" data-size=\"normal\" data-theme=\"light\"><\/div>\r\n    \r\n    \r\n<\/div>\n<div id=\"frm_field_203_container\" class=\"frm_form_field form-field \">\n\t<div class=\"frm_submit\">\r\n\r\n<button class=\"frm_button_submit frm_final_submit\" type=\"submit\"   formnovalidate=\"formnovalidate\">Envoyer<\/button>\r\n\r\n<\/div>\n<\/div>\n\t<input type=\"hidden\" name=\"item_key\" value=\"\" \/>\n\t\t\t\t<div class=\"frm__674b70e48f9ae\">\n\t\t\t\t<label for=\"frm_email_15\" >\n\t\t\t\t\tIf you are human, leave this field blank.\t\t\t\t<\/label>\n\t\t\t\t<input  id=\"frm_email_15\" type=\"email\" class=\"frm_verify\" name=\"frm__674b70e48f9ae\" value=\"\"  \/>\n\t\t\t<\/div>\n\t\t<input name=\"frm_state\" type=\"hidden\" value=\"OaHY7VNJeHfcIrGWbnm+vUem5ggToFOt+BdsLFtg74o=\" \/><\/div>\n<\/fieldset>\n<\/div>\n\n<\/form>\n<\/div>\n[\/vc_column_text][\/vc_column][\/vc_row]<\/p>\n","protected":false},"excerpt":{"rendered":"<p>[vc_row css=&#8221;.vc_custom_1593166921692{margin-top: 0px !important;margin-bottom: 0px !important;padding-top: 0px !important;padding-right: 1% !important;padding-bottom: 0px !important;padding-left: 1% !important;}&#8221;][vc_column css_animation=&#8221;bounceInUp&#8221; css=&#8221;.vc_custom_1593167007579{padding-top: 0px !important;padding-bottom: 0px !important;}&#8221;][vc_custom_heading [&hellip;]<\/p>\n","protected":false},"author":1,"featured_media":1160,"parent":0,"menu_order":0,"comment_status":"closed","ping_status":"closed","template":"","meta":{"footnotes":""},"class_list":["post-1394","page","type-page","status-publish","has-post-thumbnail","hentry"],"yoast_head":"<!-- This site is optimized with the Yoast SEO plugin v24.4 - https:\/\/yoast.com\/wordpress\/plugins\/seo\/ -->\n<title>Online File Transfer - Via Transfer<\/title>\n<meta name=\"description\" content=\"Via Transfer est un service qui permet en 1 clic , de transf\u00e9rer vos fichiers et images \u00e0 votre famille, amis, coll\u00e8gues de travail, clients.\" \/>\n<meta name=\"robots\" content=\"index, follow, max-snippet:-1, max-image-preview:large, max-video-preview:-1\" \/>\n<link rel=\"canonical\" href=\"https:\/\/viatransfer.ca\/en\/\" \/>\n<meta property=\"og:locale\" content=\"en_US\" \/>\n<meta property=\"og:type\" content=\"article\" \/>\n<meta property=\"og:title\" content=\"Online File Transfer - Via Transfer\" \/>\n<meta property=\"og:description\" content=\"Via Transfer est un service qui permet en 1 clic , de transf\u00e9rer vos fichiers et images \u00e0 votre famille, amis, coll\u00e8gues de travail, clients.\" \/>\n<meta property=\"og:url\" content=\"https:\/\/viatransfer.ca\/en\/\" \/>\n<meta property=\"og:site_name\" content=\"Via Transfer\" \/>\n<meta property=\"article:modified_time\" content=\"2022-10-31T14:08:07+00:00\" \/>\n<meta property=\"og:image\" content=\"https:\/\/viatransfer.ca\/wp-content\/uploads\/2019\/12\/email-4284157.png\" \/>\n\t<meta property=\"og:image:width\" content=\"1920\" \/>\n\t<meta property=\"og:image:height\" content=\"1298\" \/>\n\t<meta property=\"og:image:type\" content=\"image\/png\" \/>\n<meta name=\"twitter:card\" content=\"summary_large_image\" \/>\n<meta name=\"twitter:label1\" content=\"Est. reading time\" \/>\n\t<meta name=\"twitter:data1\" content=\"1 minute\" \/>\n<script type=\"application\/ld+json\" class=\"yoast-schema-graph\">{\"@context\":\"https:\/\/schema.org\",\"@graph\":[{\"@type\":\"WebPage\",\"@id\":\"https:\/\/viatransfer.ca\/en\/\",\"url\":\"https:\/\/viatransfer.ca\/en\/\",\"name\":\"Online File Transfer - Via Transfer\",\"isPartOf\":{\"@id\":\"https:\/\/viatransfer.ca\/en\/#website\"},\"primaryImageOfPage\":{\"@id\":\"https:\/\/viatransfer.ca\/en\/#primaryimage\"},\"image\":{\"@id\":\"https:\/\/viatransfer.ca\/en\/#primaryimage\"},\"thumbnailUrl\":\"https:\/\/viatransfer.ca\/wp-content\/uploads\/2019\/12\/email-4284157.png\",\"datePublished\":\"2019-12-04T22:06:19+00:00\",\"dateModified\":\"2022-10-31T14:08:07+00:00\",\"description\":\"Via Transfer est un service qui permet en 1 clic , de transf\u00e9rer vos fichiers et images \u00e0 votre famille, amis, coll\u00e8gues de travail, clients.\",\"breadcrumb\":{\"@id\":\"https:\/\/viatransfer.ca\/en\/#breadcrumb\"},\"inLanguage\":\"en-US\",\"potentialAction\":[{\"@type\":\"ReadAction\",\"target\":[\"https:\/\/viatransfer.ca\/en\/\"]}]},{\"@type\":\"ImageObject\",\"inLanguage\":\"en-US\",\"@id\":\"https:\/\/viatransfer.ca\/en\/#primaryimage\",\"url\":\"https:\/\/viatransfer.ca\/wp-content\/uploads\/2019\/12\/email-4284157.png\",\"contentUrl\":\"https:\/\/viatransfer.ca\/wp-content\/uploads\/2019\/12\/email-4284157.png\",\"width\":1920,\"height\":1298},{\"@type\":\"BreadcrumbList\",\"@id\":\"https:\/\/viatransfer.ca\/en\/#breadcrumb\",\"itemListElement\":[{\"@type\":\"ListItem\",\"position\":1,\"name\":\"Accueil\",\"item\":\"https:\/\/viatransfer.ca\/en\/\"},{\"@type\":\"ListItem\",\"position\":2,\"name\":\"Online File Transfer\"}]},{\"@type\":\"WebSite\",\"@id\":\"https:\/\/viatransfer.ca\/en\/#website\",\"url\":\"https:\/\/viatransfer.ca\/en\/\",\"name\":\"Via Transfer\",\"description\":\"Transf\u00e9rer vos fichiers de fa\u00e7on rapide et s\u00e9curitaire\",\"potentialAction\":[{\"@type\":\"SearchAction\",\"target\":{\"@type\":\"EntryPoint\",\"urlTemplate\":\"https:\/\/viatransfer.ca\/en\/?s={search_term_string}\"},\"query-input\":{\"@type\":\"PropertyValueSpecification\",\"valueRequired\":true,\"valueName\":\"search_term_string\"}}],\"inLanguage\":\"en-US\"}]}<\/script>\n<!-- \/ Yoast SEO plugin. -->","yoast_head_json":{"title":"Online File Transfer - Via Transfer","description":"Via Transfer est un service qui permet en 1 clic , de transf\u00e9rer vos fichiers et images \u00e0 votre famille, amis, coll\u00e8gues de travail, clients.","robots":{"index":"index","follow":"follow","max-snippet":"max-snippet:-1","max-image-preview":"max-image-preview:large","max-video-preview":"max-video-preview:-1"},"canonical":"https:\/\/viatransfer.ca\/en\/","og_locale":"en_US","og_type":"article","og_title":"Online File Transfer - Via Transfer","og_description":"Via Transfer est un service qui permet en 1 clic , de transf\u00e9rer vos fichiers et images \u00e0 votre famille, amis, coll\u00e8gues de travail, clients.","og_url":"https:\/\/viatransfer.ca\/en\/","og_site_name":"Via Transfer","article_modified_time":"2022-10-31T14:08:07+00:00","og_image":[{"width":1920,"height":1298,"url":"https:\/\/viatransfer.ca\/wp-content\/uploads\/2019\/12\/email-4284157.png","type":"image\/png"}],"twitter_card":"summary_large_image","twitter_misc":{"Est. reading time":"1 minute"},"schema":{"@context":"https:\/\/schema.org","@graph":[{"@type":"WebPage","@id":"https:\/\/viatransfer.ca\/en\/","url":"https:\/\/viatransfer.ca\/en\/","name":"Online File Transfer - Via Transfer","isPartOf":{"@id":"https:\/\/viatransfer.ca\/en\/#website"},"primaryImageOfPage":{"@id":"https:\/\/viatransfer.ca\/en\/#primaryimage"},"image":{"@id":"https:\/\/viatransfer.ca\/en\/#primaryimage"},"thumbnailUrl":"https:\/\/viatransfer.ca\/wp-content\/uploads\/2019\/12\/email-4284157.png","datePublished":"2019-12-04T22:06:19+00:00","dateModified":"2022-10-31T14:08:07+00:00","description":"Via Transfer est un service qui permet en 1 clic , de transf\u00e9rer vos fichiers et images \u00e0 votre famille, amis, coll\u00e8gues de travail, clients.","breadcrumb":{"@id":"https:\/\/viatransfer.ca\/en\/#breadcrumb"},"inLanguage":"en-US","potentialAction":[{"@type":"ReadAction","target":["https:\/\/viatransfer.ca\/en\/"]}]},{"@type":"ImageObject","inLanguage":"en-US","@id":"https:\/\/viatransfer.ca\/en\/#primaryimage","url":"https:\/\/viatransfer.ca\/wp-content\/uploads\/2019\/12\/email-4284157.png","contentUrl":"https:\/\/viatransfer.ca\/wp-content\/uploads\/2019\/12\/email-4284157.png","width":1920,"height":1298},{"@type":"BreadcrumbList","@id":"https:\/\/viatransfer.ca\/en\/#breadcrumb","itemListElement":[{"@type":"ListItem","position":1,"name":"Accueil","item":"https:\/\/viatransfer.ca\/en\/"},{"@type":"ListItem","position":2,"name":"Online File Transfer"}]},{"@type":"WebSite","@id":"https:\/\/viatransfer.ca\/en\/#website","url":"https:\/\/viatransfer.ca\/en\/","name":"Via Transfer","description":"Transf\u00e9rer vos fichiers de fa\u00e7on rapide et s\u00e9curitaire","potentialAction":[{"@type":"SearchAction","target":{"@type":"EntryPoint","urlTemplate":"https:\/\/viatransfer.ca\/en\/?s={search_term_string}"},"query-input":{"@type":"PropertyValueSpecification","valueRequired":true,"valueName":"search_term_string"}}],"inLanguage":"en-US"}]}},"_links":{"self":[{"href":"https:\/\/viatransfer.ca\/en\/wp-json\/wp\/v2\/pages\/1394","targetHints":{"allow":["GET"]}}],"collection":[{"href":"https:\/\/viatransfer.ca\/en\/wp-json\/wp\/v2\/pages"}],"about":[{"href":"https:\/\/viatransfer.ca\/en\/wp-json\/wp\/v2\/types\/page"}],"author":[{"embeddable":true,"href":"https:\/\/viatransfer.ca\/en\/wp-json\/wp\/v2\/users\/1"}],"replies":[{"embeddable":true,"href":"https:\/\/viatransfer.ca\/en\/wp-json\/wp\/v2\/comments?post=1394"}],"version-history":[{"count":4,"href":"https:\/\/viatransfer.ca\/en\/wp-json\/wp\/v2\/pages\/1394\/revisions"}],"predecessor-version":[{"id":1652,"href":"https:\/\/viatransfer.ca\/en\/wp-json\/wp\/v2\/pages\/1394\/revisions\/1652"}],"wp:featuredmedia":[{"embeddable":true,"href":"https:\/\/viatransfer.ca\/en\/wp-json\/wp\/v2\/media\/1160"}],"wp:attachment":[{"href":"https:\/\/viatransfer.ca\/en\/wp-json\/wp\/v2\/media?parent=1394"}],"curies":[{"name":"wp","href":"https:\/\/api.w.org\/{rel}","templated":true}]}}